 {"id":10006,"date":"2020-04-27T15:39:56","date_gmt":"2020-04-27T13:39:56","guid":{"rendered":"https:\/\/arctfoot.com\/?page_id=10006"},"modified":"2025-11-05T07:58:52","modified_gmt":"2025-11-05T06:58:52","slug":"groupement-feminin-geste-tillieres-les-etoiles-bleues","status":"publish","type":"page","link":"https:\/\/arctfoot.com\/index.php\/groupement-feminin-geste-tillieres-les-etoiles-bleues\/","title":{"rendered":"Groupement F\u00e9minin Gest\u00e9-Tilli\u00e8res \/ Les \u00e9toiles Bleues"},"content":{"rendered":"\n<p>Depuis 2019, nos licenci\u00e9es f\u00e9minines \u00e9voluent au sein du Groupement F\u00e9minin Les \u00e9toiles bleues, issu d&#8217;un projet commun avec le club du Fc Fief Gest\u00e9.<\/p>\n\n\n\n<p><\/p>\n\n\n\n<figure class=\"wp-block-image size-large\"><img decoding=\"async\" loading=\"lazy\" width=\"1024\" height=\"683\" src=\"https:\/\/arctfoot.com\/wp-content\/uploads\/2025\/11\/5-1-1024x683.png\" alt=\"\" class=\"wp-image-18359\" srcset=\"https:\/\/arctfoot.com\/wp-content\/uploads\/2025\/11\/5-1-1024x683.png 1024w, https:\/\/arctfoot.com\/wp-content\/uploads\/2025\/11\/5-1-300x200.png 300w, https:\/\/arctfoot.com\/wp-content\/uploads\/2025\/11\/5-1-768x512.png 768w, https:\/\/arctfoot.com\/wp-content\/uploads\/2025\/11\/5-1-1536x1024.png 1536w, https:\/\/arctfoot.com\/wp-content\/uploads\/2025\/11\/5-1-450x300.png 450w, https:\/\/arctfoot.com\/wp-content\/uploads\/2025\/11\/5-1-310x207.png 310w, https:\/\/arctfoot.com\/wp-content\/uploads\/2025\/11\/5-1-150x100.png 150w, https:\/\/arctfoot.com\/wp-content\/uploads\/2025\/11\/5-1.png 2048w\" sizes=\"(max-width: 1024px) 100vw, 1024px\" \/><\/figure>\n\n\n\n<p><\/p>\n\n\n\n<figure class=\"wp-block-image size-large\"><img decoding=\"async\" loading=\"lazy\" width=\"1024\" height=\"683\" src=\"https:\/\/arctfoot.com\/wp-content\/uploads\/2025\/11\/4-1-1024x683.png\" alt=\"\" class=\"wp-image-18361\" srcset=\"https:\/\/arctfoot.com\/wp-content\/uploads\/2025\/11\/4-1-1024x683.png 1024w, https:\/\/arctfoot.com\/wp-content\/uploads\/2025\/11\/4-1-300x200.png 300w, https:\/\/arctfoot.com\/wp-content\/uploads\/2025\/11\/4-1-768x512.png 768w, https:\/\/arctfoot.com\/wp-content\/uploads\/2025\/11\/4-1-1536x1024.png 1536w, https:\/\/arctfoot.com\/wp-content\/uploads\/2025\/11\/4-1-450x300.png 450w, https:\/\/arctfoot.com\/wp-content\/uploads\/2025\/11\/4-1-310x207.png 310w, https:\/\/arctfoot.com\/wp-content\/uploads\/2025\/11\/4-1-150x100.png 150w, https:\/\/arctfoot.com\/wp-content\/uploads\/2025\/11\/4-1.png 2048w\" sizes=\"(max-width: 1024px) 100vw, 1024px\" \/><\/figure>\n\n\n\n<p><\/p>\n\n\n\n<figure class=\"wp-block-image size-large\"><img decoding=\"async\" loading=\"lazy\" width=\"1024\" height=\"683\" src=\"https:\/\/arctfoot.com\/wp-content\/uploads\/2025\/11\/3-1-1024x683.png\" alt=\"\" class=\"wp-image-18358\" srcset=\"https:\/\/arctfoot.com\/wp-content\/uploads\/2025\/11\/3-1-1024x683.png 1024w, https:\/\/arctfoot.com\/wp-content\/uploads\/2025\/11\/3-1-300x200.png 300w, https:\/\/arctfoot.com\/wp-content\/uploads\/2025\/11\/3-1-768x512.png 768w, https:\/\/arctfoot.com\/wp-content\/uploads\/2025\/11\/3-1-1536x1024.png 1536w, https:\/\/arctfoot.com\/wp-content\/uploads\/2025\/11\/3-1-450x300.png 450w, https:\/\/arctfoot.com\/wp-content\/uploads\/2025\/11\/3-1-310x207.png 310w, https:\/\/arctfoot.com\/wp-content\/uploads\/2025\/11\/3-1-150x100.png 150w, https:\/\/arctfoot.com\/wp-content\/uploads\/2025\/11\/3-1.png 2048w\" sizes=\"(max-width: 1024px) 100vw, 1024px\" \/><\/figure>\n\n\n\n<p><\/p>\n\n\n\n<figure class=\"wp-block-image size-large\"><img decoding=\"async\" loading=\"lazy\" width=\"1024\" height=\"683\" src=\"https:\/\/arctfoot.com\/wp-content\/uploads\/2025\/11\/2-1-1024x683.png\" alt=\"\" class=\"wp-image-18360\" srcset=\"https:\/\/arctfoot.com\/wp-content\/uploads\/2025\/11\/2-1-1024x683.png 1024w, https:\/\/arctfoot.com\/wp-content\/uploads\/2025\/11\/2-1-300x200.png 300w, https:\/\/arctfoot.com\/wp-content\/uploads\/2025\/11\/2-1-768x512.png 768w, https:\/\/arctfoot.com\/wp-content\/uploads\/2025\/11\/2-1-1536x1024.png 1536w, https:\/\/arctfoot.com\/wp-content\/uploads\/2025\/11\/2-1-450x300.png 450w, https:\/\/arctfoot.com\/wp-content\/uploads\/2025\/11\/2-1-310x207.png 310w, https:\/\/arctfoot.com\/wp-content\/uploads\/2025\/11\/2-1-150x100.png 150w, https:\/\/arctfoot.com\/wp-content\/uploads\/2025\/11\/2-1.png 2048w\" sizes=\"(max-width: 1024px) 100vw, 1024px\" \/><\/figure>\n\n\n\n<p><\/p>\n\n\n\n<figure class=\"wp-block-image size-large\"><img decoding=\"async\" loading=\"lazy\" width=\"1024\" height=\"683\" src=\"https:\/\/arctfoot.com\/wp-content\/uploads\/2025\/11\/6-1-1024x683.png\" alt=\"\" class=\"wp-image-18362\" srcset=\"https:\/\/arctfoot.com\/wp-content\/uploads\/2025\/11\/6-1-1024x683.png 1024w, https:\/\/arctfoot.com\/wp-content\/uploads\/2025\/11\/6-1-300x200.png 300w, https:\/\/arctfoot.com\/wp-content\/uploads\/2025\/11\/6-1-768x512.png 768w, https:\/\/arctfoot.com\/wp-content\/uploads\/2025\/11\/6-1-1536x1024.png 1536w, https:\/\/arctfoot.com\/wp-content\/uploads\/2025\/11\/6-1-450x300.png 450w, https:\/\/arctfoot.com\/wp-content\/uploads\/2025\/11\/6-1-310x207.png 310w, https:\/\/arctfoot.com\/wp-content\/uploads\/2025\/11\/6-1-150x100.png 150w, https:\/\/arctfoot.com\/wp-content\/uploads\/2025\/11\/6-1.png 2048w\" sizes=\"(max-width: 1024px) 100vw, 1024px\" \/><\/figure>\n","protected":false},"excerpt":{"rendered":"<p>Depuis 2019, nos licenci\u00e9es f\u00e9minines \u00e9voluent au sein du Groupement F\u00e9minin Les \u00e9toiles bleues, issu d&#8217;un projet commun avec le club du Fc Fief Gest\u00e9.<\/p>\n","protected":false},"author":1,"featured_media":0,"parent":0,"menu_order":0,"comment_status":"closed","ping_status":"closed","template":"","meta":{"_joinchat":[]},"_links":{"self":[{"href":"https:\/\/arctfoot.com\/index.php\/wp-json\/wp\/v2\/pages\/10006"}],"collection":[{"href":"https:\/\/arctfoot.com\/index.php\/wp-json\/wp\/v2\/pages"}],"about":[{"href":"https:\/\/arctfoot.com\/index.php\/wp-json\/wp\/v2\/types\/page"}],"author":[{"embeddable":true,"href":"https:\/\/arctfoot.com\/index.php\/wp-json\/wp\/v2\/users\/1"}],"replies":[{"embeddable":true,"href":"https:\/\/arctfoot.com\/index.php\/wp-json\/wp\/v2\/comments?post=10006"}],"version-history":[{"count":15,"href":"https:\/\/arctfoot.com\/index.php\/wp-json\/wp\/v2\/pages\/10006\/revisions"}],"predecessor-version":[{"id":18368,"href":"https:\/\/arctfoot.com\/index.php\/wp-json\/wp\/v2\/pages\/10006\/revisions\/18368"}],"wp:attachment":[{"href":"https:\/\/arctfoot.com\/index.php\/wp-json\/wp\/v2\/media?parent=10006"}],"curies":[{"name":"wp","href":"https:\/\/api.w.org\/{rel}","templated":true}]}}