 {"id":10043,"date":"2020-04-27T16:30:35","date_gmt":"2020-04-27T14:30:35","guid":{"rendered":"https:\/\/arctfoot.com\/?page_id=10043"},"modified":"2024-08-30T18:59:16","modified_gmt":"2024-08-30T16:59:16","slug":"pole-arbitrage","status":"publish","type":"page","link":"https:\/\/arctfoot.com\/index.php\/pole-arbitrage\/","title":{"rendered":"Devenez arbitre de club ou officiel(le)!"},"content":{"rendered":"\n<p>Vous \u00eates passionn\u00e9 par le football et vous souhaitez vous impliquer activement dans la vie sportive de votre club ? Notre club de football est \u00e0 la recherche d&#8217;arbitres b\u00e9n\u00e9voles pour la saison \u00e0 venir ! Que vous soyez un amateur de longue date ou que vous souhaitiez simplement d\u00e9couvrir une nouvelle facette du sport, cette opportunit\u00e9 est faite pour vous.<\/p>\n\n\n\n<p><strong>Pourquoi rejoindre l&#8217;arbitrage ?<\/strong><\/p>\n\n\n\n<p>\u00catre arbitre, c\u2019est plus qu\u2019un simple r\u00f4le sur le terrain. C\u2019est une chance unique de contribuer au bon d\u00e9roulement des matchs, d&#8217;encourager le fair-play et de vivre le football sous un autre angle. C\u2019est aussi l\u2019occasion d&#8217;acqu\u00e9rir de nouvelles comp\u00e9tences, de faire partie d\u2019une \u00e9quipe d&#8217;arbitres soud\u00e9s, et d&#8217;avoir un impact direct sur la qualit\u00e9 de nos rencontres sportives. Arbitre central, Assistant, Commissaire au terrain, il existe plusieurs mani\u00e8re de s&#8217;investir dans l&#8217;arbitrage qui s&#8217;ouvre finalement au grand public.<\/p>\n\n\n\n<p><strong>Aucune exp\u00e9rience requise !<\/strong><\/p>\n\n\n\n<p>Que vous soyez d\u00e9butant ou exp\u00e9riment\u00e9, nous vous accueillerons \u00e0 bras ouverts. Une formation vous sera propos\u00e9e pour vous aider \u00e0 ma\u00eetriser les r\u00e8gles du jeu et \u00e0 vous sentir \u00e0 l\u2019aise dans votre r\u00f4le. Nous recherchons avant tout des personnes enthousiastes, conviviales et envieuses de s\u2019engager pour le plaisir du sport.<\/p>\n\n\n\n<p><strong>Rejoignez-nous !<\/strong><\/p>\n\n\n\n<p>Si vous \u00eates pr\u00eat \u00e0 relever le d\u00e9fi et \u00e0 vous investir dans une mission enrichissante, contactez-nous d\u00e8s aujourd\u2019hui ! Ensemble, faisons de cette saison une r\u00e9ussite pour notre club et ses joueurs.<\/p>\n\n\n\n<p><strong>Contact :<\/strong><\/p>\n\n\n\n<p>Pour plus d&#8217;informations ou pour vous inscrire, veuillez nous contacter \u00e0 l&#8217;adresse suivante :&nbsp;<a href=\"arctfoot49@gmail.com\">arctfoot49@gmail.com<\/a>&nbsp;ou venez nous rejoindre lors de la r\u00e9union &#8220;P\u00f4le Arbitrage&#8221; le 4 Septembre au Stade de Tilli\u00e8res !<\/p>\n\n\n\n<p> L&#8217;arbitrage c&#8217;est aussi :<\/p>\n\n\n\n<ul>\n<li>Avoir l&#8217;opportunit\u00e9 de pratiquer une v\u00e9ritable activit\u00e9 sportive<\/li>\n\n\n\n<li>Contribuer au projet de son club.<\/li>\n\n\n\n<li>Construire une v\u00e9ritable carri\u00e8re de sportif de District, de Ligue ou de niveau national. Plus vous progressez, plus vous arbitrez \u00e0 un niveau int\u00e9ressant !<\/li>\n\n\n\n<li>Rester en contact permanent avec l\u2019un de ses sports favoris<\/li>\n\n\n\n<li>Pas d\u2019obligation \u00e0 participer \u00e0 des entrainements \u00e0 des jours et horaires pr\u00e9cis. Il est malgr\u00e9 tout possible de s&#8217;entrainer avec le club si l\u2019int\u00e9ress\u00e9 le souhaite<\/li>\n\n\n\n<li>Etre reconnu et respect\u00e9 par tous les licenci\u00e9s du club en \u00e9tant l\u2019un des repr\u00e9sentants des lois du jeu<br>C&#8217;est une excellente \u00e9cole de la vie :<\/li>\n\n\n\n<li>Se construire une image dans le football, plus facilement qu&#8217;avec un statut de joueur<\/li>\n\n\n\n<li>Apprendre \u00e0 garder son sang froid en toutes circonstances<\/li>\n\n\n\n<li>Apprendre \u00e0 g\u00e9rer son autorit\u00e9, \u00e0 se faire respecter<\/li>\n\n\n\n<li>Apprendre \u00e0 vaincre sa timidit\u00e9<\/li>\n\n\n\n<li>Apprendre \u00e0 s&#8217;exprimer devant les autres<\/li>\n\n\n\n<li>Apprendre \u00e0 se construire une personnalit\u00e9 face aux r\u00e9flexions et attitudes des autres<\/li>\n\n\n\n<li>Apprendre \u00e0 manager des hommes et des femmes (utile dans la vie professionnelle)<br>Des avantages humains, administratifs et financiers :<\/li>\n\n\n\n<li>Les co\u00fbts de formation et l&#8217;\u00e9quipement du nouvel arbitre sont pris en charge par notre club qui assure \u00e9galement un accompagnement tout au long de la saison<\/li>\n\n\n\n<li>Une indemnit\u00e9 financi\u00e8re est per\u00e7ue \u00e0 chaque rencontre (minimum 28 \u20ac pour un match en Jeunes, 35\u20ac pour un match en Seniors) + frais d\u00e9placements<\/li>\n\n\n\n<li>Une entr\u00e9e gratuite sur tous les stades de la Ligue Pays de Loire<\/li>\n\n\n\n<li>Un &#8220;plus&#8221; fondamental sur votre C.V. dans le cadre d&#8217;une recherche d&#8217;emploi ou d&#8217;un stage<\/li>\n<\/ul>\n\n\n\n<p><strong>&#8220;Si le football n&#8217;a pas \u00e9t\u00e9 invent\u00e9 par les arbitres, il ne peut y avoir de football sans arbitre !&#8221;<\/strong><\/p>\n","protected":false},"excerpt":{"rendered":"<p>Vous \u00eates passionn\u00e9 par le football et vous souhaitez vous impliquer activement dans la vie sportive de votre club ? Notre club de football est \u00e0 la recherche d&#8217;arbitres b\u00e9n\u00e9voles pour la saison \u00e0 venir ! Que vous soyez un amateur de longue date ou que vous souhaitiez simplement d\u00e9couvrir une nouvelle facette du sport,&hellip; <\/p>\n<p class=\"chuchadon-read-more\"><a href=\"https:\/\/arctfoot.com\/index.php\/pole-arbitrage\/\" class=\"more-link\">Lire la suite de <span class=\"screen-reader-text\">Devenez arbitre de club ou officiel(le)!<\/span><\/a><\/p>\n","protected":false},"author":1,"featured_media":17904,"parent":0,"menu_order":0,"comment_status":"closed","ping_status":"closed","template":"","meta":{"_joinchat":[]},"_links":{"self":[{"href":"https:\/\/arctfoot.com\/index.php\/wp-json\/wp\/v2\/pages\/10043"}],"collection":[{"href":"https:\/\/arctfoot.com\/index.php\/wp-json\/wp\/v2\/pages"}],"about":[{"href":"https:\/\/arctfoot.com\/index.php\/wp-json\/wp\/v2\/types\/page"}],"author":[{"embeddable":true,"href":"https:\/\/arctfoot.com\/index.php\/wp-json\/wp\/v2\/users\/1"}],"replies":[{"embeddable":true,"href":"https:\/\/arctfoot.com\/index.php\/wp-json\/wp\/v2\/comments?post=10043"}],"version-history":[{"count":10,"href":"https:\/\/arctfoot.com\/index.php\/wp-json\/wp\/v2\/pages\/10043\/revisions"}],"predecessor-version":[{"id":17907,"href":"https:\/\/arctfoot.com\/index.php\/wp-json\/wp\/v2\/pages\/10043\/revisions\/17907"}],"wp:featuredmedia":[{"embeddable":true,"href":"https:\/\/arctfoot.com\/index.php\/wp-json\/wp\/v2\/media\/17904"}],"wp:attachment":[{"href":"https:\/\/arctfoot.com\/index.php\/wp-json\/wp\/v2\/media?parent=10043"}],"curies":[{"name":"wp","href":"https:\/\/api.w.org\/{rel}","templated":true}]}}