 {"id":10048,"date":"2020-04-27T16:31:49","date_gmt":"2020-04-27T14:31:49","guid":{"rendered":"https:\/\/arctfoot.com\/?page_id=10048"},"modified":"2025-11-05T08:03:41","modified_gmt":"2025-11-05T07:03:41","slug":"nos-arbitres","status":"publish","type":"page","link":"https:\/\/arctfoot.com\/index.php\/nos-arbitres\/","title":{"rendered":"Nos arbitres officiel(le)s"},"content":{"rendered":"\n<p><strong>Nos arbitres 2025\/2026<\/strong><\/p>\n\n\n\n<figure class=\"wp-block-image size-large\"><img decoding=\"async\" loading=\"lazy\" width=\"1024\" height=\"683\" src=\"https:\/\/arctfoot.com\/wp-content\/uploads\/2025\/11\/8-1024x683.png\" alt=\"\" class=\"wp-image-18349\" srcset=\"https:\/\/arctfoot.com\/wp-content\/uploads\/2025\/11\/8-1024x683.png 1024w, https:\/\/arctfoot.com\/wp-content\/uploads\/2025\/11\/8-300x200.png 300w, https:\/\/arctfoot.com\/wp-content\/uploads\/2025\/11\/8-768x512.png 768w, https:\/\/arctfoot.com\/wp-content\/uploads\/2025\/11\/8-1536x1024.png 1536w, https:\/\/arctfoot.com\/wp-content\/uploads\/2025\/11\/8-450x300.png 450w, https:\/\/arctfoot.com\/wp-content\/uploads\/2025\/11\/8-310x207.png 310w, https:\/\/arctfoot.com\/wp-content\/uploads\/2025\/11\/8-150x100.png 150w, https:\/\/arctfoot.com\/wp-content\/uploads\/2025\/11\/8.png 2048w\" sizes=\"(max-width: 1024px) 100vw, 1024px\" \/><\/figure>\n\n\n\n<h2><strong>Nos arbitres officiel(le)s:<\/strong><\/h2>\n\n\n\n<p>Pour eux et pour notre club, ils (elles) sont 14 \u00e0 \u00eatre devenu(e)s arbitres officiel(le)s depuis la cr\u00e9ation du club:<\/p>\n\n\n<div class=\"wp-block-image\">\n<figure class=\"aligncenter size-large\"><img decoding=\"async\" loading=\"lazy\" width=\"768\" height=\"1024\" src=\"https:\/\/arctfoot.com\/wp-content\/uploads\/2024\/09\/WhatsApp-Image-2024-09-22-a-15.55.34_06de45ff-768x1024.jpg\" alt=\"\" class=\"wp-image-17945\" srcset=\"https:\/\/arctfoot.com\/wp-content\/uploads\/2024\/09\/WhatsApp-Image-2024-09-22-a-15.55.34_06de45ff-768x1024.jpg 768w, https:\/\/arctfoot.com\/wp-content\/uploads\/2024\/09\/WhatsApp-Image-2024-09-22-a-15.55.34_06de45ff-225x300.jpg 225w, https:\/\/arctfoot.com\/wp-content\/uploads\/2024\/09\/WhatsApp-Image-2024-09-22-a-15.55.34_06de45ff-1152x1536.jpg 1152w, https:\/\/arctfoot.com\/wp-content\/uploads\/2024\/09\/WhatsApp-Image-2024-09-22-a-15.55.34_06de45ff-233x310.jpg 233w, https:\/\/arctfoot.com\/wp-content\/uploads\/2024\/09\/WhatsApp-Image-2024-09-22-a-15.55.34_06de45ff-79x105.jpg 79w, https:\/\/arctfoot.com\/wp-content\/uploads\/2024\/09\/WhatsApp-Image-2024-09-22-a-15.55.34_06de45ff-600x800.jpg 600w, https:\/\/arctfoot.com\/wp-content\/uploads\/2024\/09\/WhatsApp-Image-2024-09-22-a-15.55.34_06de45ff.jpg 1200w\" sizes=\"(max-width: 768px) 100vw, 768px\" \/><figcaption class=\"wp-element-caption\">Dorian depuis 2023&#8230;<\/figcaption><\/figure><\/div>\n\n<div class=\"wp-block-image\">\n<figure class=\"aligncenter size-medium\"><img decoding=\"async\" loading=\"lazy\" width=\"225\" height=\"300\" src=\"https:\/\/arctfoot.com\/wp-content\/uploads\/2020\/04\/50402598_339217030264258_6096415925861351424_n-225x300.jpg\" alt=\"\" class=\"wp-image-10137\" srcset=\"https:\/\/arctfoot.com\/wp-content\/uploads\/2020\/04\/50402598_339217030264258_6096415925861351424_n-225x300.jpg 225w, https:\/\/arctfoot.com\/wp-content\/uploads\/2020\/04\/50402598_339217030264258_6096415925861351424_n-600x800.jpg 600w, https:\/\/arctfoot.com\/wp-content\/uploads\/2020\/04\/50402598_339217030264258_6096415925861351424_n.jpg 720w\" sizes=\"(max-width: 225px) 100vw, 225px\" \/><figcaption class=\"wp-element-caption\">Guillaume 2017-2022<\/figcaption><\/figure><\/div>\n\n<div class=\"wp-block-image\">\n<figure class=\"aligncenter size-full\"><a href=\"https:\/\/arctfoot.com\/wp-content\/uploads\/2023\/11\/Capture-decran-2023-11-30-104204.png\"><img decoding=\"async\" loading=\"lazy\" width=\"537\" height=\"642\" src=\"https:\/\/arctfoot.com\/wp-content\/uploads\/2023\/11\/Capture-decran-2023-11-30-104204.png\" alt=\"\" class=\"wp-image-17596\" srcset=\"https:\/\/arctfoot.com\/wp-content\/uploads\/2023\/11\/Capture-decran-2023-11-30-104204.png 537w, https:\/\/arctfoot.com\/wp-content\/uploads\/2023\/11\/Capture-decran-2023-11-30-104204-251x300.png 251w, https:\/\/arctfoot.com\/wp-content\/uploads\/2023\/11\/Capture-decran-2023-11-30-104204-259x310.png 259w, https:\/\/arctfoot.com\/wp-content\/uploads\/2023\/11\/Capture-decran-2023-11-30-104204-88x105.png 88w\" sizes=\"(max-width: 537px) 100vw, 537px\" \/><\/a><\/figure><\/div>\n\n\n<p><\/p>\n\n\n\n<h2><strong>Nos arbitres clubs:<\/strong><\/h2>\n\n\n<div class=\"wp-block-image\">\n<figure class=\"aligncenter size-full\"><img decoding=\"async\" loading=\"lazy\" width=\"960\" height=\"722\" src=\"https:\/\/arctfoot.com\/wp-content\/uploads\/2023\/11\/402327670_852991413502421_594908542464482023_n.jpg\" alt=\"\" class=\"wp-image-17590\" srcset=\"https:\/\/arctfoot.com\/wp-content\/uploads\/2023\/11\/402327670_852991413502421_594908542464482023_n.jpg 960w, https:\/\/arctfoot.com\/wp-content\/uploads\/2023\/11\/402327670_852991413502421_594908542464482023_n-300x226.jpg 300w, https:\/\/arctfoot.com\/wp-content\/uploads\/2023\/11\/402327670_852991413502421_594908542464482023_n-768x578.jpg 768w, https:\/\/arctfoot.com\/wp-content\/uploads\/2023\/11\/402327670_852991413502421_594908542464482023_n-399x300.jpg 399w, https:\/\/arctfoot.com\/wp-content\/uploads\/2023\/11\/402327670_852991413502421_594908542464482023_n-310x233.jpg 310w, https:\/\/arctfoot.com\/wp-content\/uploads\/2023\/11\/402327670_852991413502421_594908542464482023_n-140x105.jpg 140w, https:\/\/arctfoot.com\/wp-content\/uploads\/2023\/11\/402327670_852991413502421_594908542464482023_n-600x451.jpg 600w\" sizes=\"(max-width: 960px) 100vw, 960px\" \/><figcaption class=\"wp-element-caption\">Yves, Fran\u00e7ois et J\u00e9r\u00f4me depuis 2023&#8230;<\/figcaption><\/figure><\/div>\n\n\n<p><\/p>\n","protected":false},"excerpt":{"rendered":"<p>Nos arbitres 2025\/2026 Nos arbitres officiel(le)s: Pour eux et pour notre club, ils (elles) sont 14 \u00e0 \u00eatre devenu(e)s arbitres officiel(le)s depuis la cr\u00e9ation du club: Nos arbitres clubs:<\/p>\n","protected":false},"author":1,"featured_media":0,"parent":0,"menu_order":0,"comment_status":"closed","ping_status":"closed","template":"","meta":{"_joinchat":[]},"_links":{"self":[{"href":"https:\/\/arctfoot.com\/index.php\/wp-json\/wp\/v2\/pages\/10048"}],"collection":[{"href":"https:\/\/arctfoot.com\/index.php\/wp-json\/wp\/v2\/pages"}],"about":[{"href":"https:\/\/arctfoot.com\/index.php\/wp-json\/wp\/v2\/types\/page"}],"author":[{"embeddable":true,"href":"https:\/\/arctfoot.com\/index.php\/wp-json\/wp\/v2\/users\/1"}],"replies":[{"embeddable":true,"href":"https:\/\/arctfoot.com\/index.php\/wp-json\/wp\/v2\/comments?post=10048"}],"version-history":[{"count":11,"href":"https:\/\/arctfoot.com\/index.php\/wp-json\/wp\/v2\/pages\/10048\/revisions"}],"predecessor-version":[{"id":18369,"href":"https:\/\/arctfoot.com\/index.php\/wp-json\/wp\/v2\/pages\/10048\/revisions\/18369"}],"wp:attachment":[{"href":"https:\/\/arctfoot.com\/index.php\/wp-json\/wp\/v2\/media?parent=10048"}],"curies":[{"name":"wp","href":"https:\/\/api.w.org\/{rel}","templated":true}]}}