 {"id":10052,"date":"2020-04-27T16:33:59","date_gmt":"2020-04-27T14:33:59","guid":{"rendered":"https:\/\/arctfoot.com\/?page_id=10052"},"modified":"2021-04-05T10:38:39","modified_gmt":"2021-04-05T08:38:39","slug":"le-foot-a-lecole","status":"publish","type":"page","link":"https:\/\/arctfoot.com\/index.php\/le-foot-a-lecole\/","title":{"rendered":"Le Foot \u00e0 l&#8217;\u00e9cole"},"content":{"rendered":"\n<figure class=\"wp-block-image size-large\"><img decoding=\"async\" loading=\"lazy\" width=\"1024\" height=\"363\" src=\"https:\/\/arctfoot.com\/wp-content\/uploads\/2021\/04\/Capture-de\u0301cran-2019-10-04-a\u0300-10.32.20-1024x363.png\" alt=\"\" class=\"wp-image-15551\" srcset=\"https:\/\/arctfoot.com\/wp-content\/uploads\/2021\/04\/Capture-de\u0301cran-2019-10-04-a\u0300-10.32.20-1024x363.png 1024w, https:\/\/arctfoot.com\/wp-content\/uploads\/2021\/04\/Capture-de\u0301cran-2019-10-04-a\u0300-10.32.20-300x106.png 300w, https:\/\/arctfoot.com\/wp-content\/uploads\/2021\/04\/Capture-de\u0301cran-2019-10-04-a\u0300-10.32.20-768x272.png 768w, https:\/\/arctfoot.com\/wp-content\/uploads\/2021\/04\/Capture-de\u0301cran-2019-10-04-a\u0300-10.32.20-650x230.png 650w, https:\/\/arctfoot.com\/wp-content\/uploads\/2021\/04\/Capture-de\u0301cran-2019-10-04-a\u0300-10.32.20-600x213.png 600w, https:\/\/arctfoot.com\/wp-content\/uploads\/2021\/04\/Capture-de\u0301cran-2019-10-04-a\u0300-10.32.20.png 1388w\" sizes=\"(max-width: 1024px) 100vw, 1024px\" \/><\/figure>\n\n\n\n<p>Un club au plus pr\u00e8s de son territoire&#8230; L&#8217;ARCT intervient r\u00e9guli\u00e8rement dans les diff\u00e9rentes \u00e9coles primaires des 3 communes et entretient un lien permanent avec les enfants. <\/p>\n\n\n\n<p>Avec un encadrement dipl\u00f4m\u00e9, le club apporte un soutien aux enseignants et propose aux \u00e9coliers et \u00e9coli\u00e8res des activit\u00e9s adapt\u00e9es, autour du football, en plein-air ou en salle. <\/p>\n\n\n\n<figure class=\"is-layout-flex wp-block-gallery-1 wp-block-gallery columns-3 is-cropped\"><ul class=\"blocks-gallery-grid\"><li class=\"blocks-gallery-item\"><figure><img decoding=\"async\" loading=\"lazy\" width=\"1024\" height=\"768\" src=\"https:\/\/arctfoot.com\/wp-content\/uploads\/2019\/01\/IMG_20190117_152924-1024x768.jpg\" alt=\"\" data-id=\"1855\" data-link=\"https:\/\/arctfoot.com\/img_20190117_152924\/\" class=\"wp-image-1855\" srcset=\"https:\/\/arctfoot.com\/wp-content\/uploads\/2019\/01\/IMG_20190117_152924-1024x768.jpg 1024w, https:\/\/arctfoot.com\/wp-content\/uploads\/2019\/01\/IMG_20190117_152924-300x225.jpg 300w, https:\/\/arctfoot.com\/wp-content\/uploads\/2019\/01\/IMG_20190117_152924-768x576.jpg 768w, https:\/\/arctfoot.com\/wp-content\/uploads\/2019\/01\/IMG_20190117_152924-1200x900.jpg 1200w, https:\/\/arctfoot.com\/wp-content\/uploads\/2019\/01\/IMG_20190117_152924-600x450.jpg 600w\" sizes=\"(max-width: 1024px) 100vw, 1024px\" \/><\/figure><\/li><li class=\"blocks-gallery-item\"><figure><img decoding=\"async\" loading=\"lazy\" width=\"1024\" height=\"768\" src=\"https:\/\/arctfoot.com\/wp-content\/uploads\/2019\/01\/IMG_20190117_152907-1024x768.jpg\" alt=\"\" data-id=\"1854\" data-link=\"https:\/\/arctfoot.com\/img_20190117_152907\/\" class=\"wp-image-1854\" srcset=\"https:\/\/arctfoot.com\/wp-content\/uploads\/2019\/01\/IMG_20190117_152907-1024x768.jpg 1024w, https:\/\/arctfoot.com\/wp-content\/uploads\/2019\/01\/IMG_20190117_152907-300x225.jpg 300w, https:\/\/arctfoot.com\/wp-content\/uploads\/2019\/01\/IMG_20190117_152907-768x576.jpg 768w, https:\/\/arctfoot.com\/wp-content\/uploads\/2019\/01\/IMG_20190117_152907-1200x900.jpg 1200w, https:\/\/arctfoot.com\/wp-content\/uploads\/2019\/01\/IMG_20190117_152907-600x450.jpg 600w\" sizes=\"(max-width: 1024px) 100vw, 1024px\" \/><\/figure><\/li><li class=\"blocks-gallery-item\"><figure><img decoding=\"async\" loading=\"lazy\" width=\"1024\" height=\"768\" src=\"https:\/\/arctfoot.com\/wp-content\/uploads\/2019\/01\/IMG_20190117_102245-1024x768.jpg\" alt=\"\" data-id=\"1853\" data-link=\"https:\/\/arctfoot.com\/img_20190117_102245\/\" class=\"wp-image-1853\" srcset=\"https:\/\/arctfoot.com\/wp-content\/uploads\/2019\/01\/IMG_20190117_102245-1024x768.jpg 1024w, https:\/\/arctfoot.com\/wp-content\/uploads\/2019\/01\/IMG_20190117_102245-300x225.jpg 300w, https:\/\/arctfoot.com\/wp-content\/uploads\/2019\/01\/IMG_20190117_102245-768x576.jpg 768w, https:\/\/arctfoot.com\/wp-content\/uploads\/2019\/01\/IMG_20190117_102245-1200x900.jpg 1200w, https:\/\/arctfoot.com\/wp-content\/uploads\/2019\/01\/IMG_20190117_102245-600x450.jpg 600w\" sizes=\"(max-width: 1024px) 100vw, 1024px\" \/><\/figure><\/li><li class=\"blocks-gallery-item\"><figure><img decoding=\"async\" loading=\"lazy\" width=\"1024\" height=\"768\" src=\"https:\/\/arctfoot.com\/wp-content\/uploads\/2019\/01\/IMG_20190117_102237-1024x768.jpg\" alt=\"\" data-id=\"1852\" data-link=\"https:\/\/arctfoot.com\/img_20190117_102237\/\" class=\"wp-image-1852\" srcset=\"https:\/\/arctfoot.com\/wp-content\/uploads\/2019\/01\/IMG_20190117_102237-1024x768.jpg 1024w, https:\/\/arctfoot.com\/wp-content\/uploads\/2019\/01\/IMG_20190117_102237-300x225.jpg 300w, https:\/\/arctfoot.com\/wp-content\/uploads\/2019\/01\/IMG_20190117_102237-768x576.jpg 768w, https:\/\/arctfoot.com\/wp-content\/uploads\/2019\/01\/IMG_20190117_102237-1200x900.jpg 1200w, https:\/\/arctfoot.com\/wp-content\/uploads\/2019\/01\/IMG_20190117_102237-600x450.jpg 600w\" sizes=\"(max-width: 1024px) 100vw, 1024px\" \/><\/figure><\/li><li class=\"blocks-gallery-item\"><figure><img decoding=\"async\" loading=\"lazy\" width=\"960\" height=\"720\" src=\"https:\/\/arctfoot.com\/wp-content\/uploads\/2020\/04\/82264120_573077066878252_8127239487483805696_n.jpg\" alt=\"\" data-id=\"10085\" data-full-url=\"https:\/\/arctfoot.com\/wp-content\/uploads\/2020\/04\/82264120_573077066878252_8127239487483805696_n.jpg\" data-link=\"https:\/\/arctfoot.com\/index.php\/le-foot-a-lecole\/82264120_573077066878252_8127239487483805696_n\/\" class=\"wp-image-10085\" srcset=\"https:\/\/arctfoot.com\/wp-content\/uploads\/2020\/04\/82264120_573077066878252_8127239487483805696_n.jpg 960w, https:\/\/arctfoot.com\/wp-content\/uploads\/2020\/04\/82264120_573077066878252_8127239487483805696_n-300x225.jpg 300w, https:\/\/arctfoot.com\/wp-content\/uploads\/2020\/04\/82264120_573077066878252_8127239487483805696_n-768x576.jpg 768w, https:\/\/arctfoot.com\/wp-content\/uploads\/2020\/04\/82264120_573077066878252_8127239487483805696_n-600x450.jpg 600w\" sizes=\"(max-width: 960px) 100vw, 960px\" \/><\/figure><\/li><\/ul><\/figure>\n\n\n\n<div class=\"wp-block-media-text alignwide is-stacked-on-mobile\"><figure class=\"wp-block-media-text__media\"><img decoding=\"async\" loading=\"lazy\" width=\"1006\" height=\"1024\" src=\"https:\/\/arctfoot.com\/wp-content\/uploads\/2019\/01\/50272780_2014018785342097_7861098291344179200_n-1006x1024.jpg\" alt=\"\" class=\"wp-image-1851 size-full\" srcset=\"https:\/\/arctfoot.com\/wp-content\/uploads\/2019\/01\/50272780_2014018785342097_7861098291344179200_n-1006x1024.jpg 1006w, https:\/\/arctfoot.com\/wp-content\/uploads\/2019\/01\/50272780_2014018785342097_7861098291344179200_n-295x300.jpg 295w, https:\/\/arctfoot.com\/wp-content\/uploads\/2019\/01\/50272780_2014018785342097_7861098291344179200_n-768x782.jpg 768w, https:\/\/arctfoot.com\/wp-content\/uploads\/2019\/01\/50272780_2014018785342097_7861098291344179200_n-600x611.jpg 600w, https:\/\/arctfoot.com\/wp-content\/uploads\/2019\/01\/50272780_2014018785342097_7861098291344179200_n.jpg 1080w\" sizes=\"(max-width: 1006px) 100vw, 1006px\" \/><\/figure><div class=\"wp-block-media-text__content\">\n<p class=\"has-text-align-left\" style=\"font-size:17px\">Du terrain \u00e0 la classe&#8230; Les activit\u00e9s peuvent parfois aller au-del\u00e0 de la pratique au travers de projets de classes en lien avec certaines th\u00e8matiques. Parmi elles, certaines \u00e9coles sont r\u00e9compens\u00e9es par la F\u00e9d\u00e9ration Fran\u00e7aise de Football dans le cadre de l&#8217;op\u00e9ration &#8220;<a rel=\"noreferrer noopener\" href=\"https:\/\/footalecole.fff.fr\/fr\/\" target=\"_blank\">Foot \u00e0 l&#8217;\u00e9cole<\/a>&#8220;<\/p>\n<\/div><\/div>\n\n\n\n\n\n<p class=\"has-text-align-center\">Production statique Foot \u00e0 l&#8217;\u00e9cole Vivaldi Tilli\u00e8res 2021<\/p>\n\n\n\n<figure class=\"wp-block-embed is-type-video is-provider-youtube wp-block-embed-youtube wp-embed-aspect-16-9 wp-has-aspect-ratio\"><div class=\"wp-block-embed__wrapper\">\n<iframe loading=\"lazy\" title=\"ST JO FOOT OP\u00c9RATION FOOT A L&#039;\u00c9COLE\" width=\"1200\" height=\"675\" src=\"https:\/\/www.youtube.com\/embed\/BCim3eFmGRY?feature=oembed\" frameborder=\"0\" allow=\"accelerometer; autoplay; clipboard-write; encrypted-media; gyroscope; picture-in-picture\" allowfullscreen><\/iframe>\n<\/div><figcaption>Production dynamique 2021 Ecole St Joseph<\/figcaption><\/figure>\n\n\n\n<figure class=\"wp-block-image size-large\"><img decoding=\"async\" loading=\"lazy\" width=\"1024\" height=\"640\" src=\"https:\/\/arctfoot.com\/wp-content\/uploads\/2021\/04\/SoutenuPar_DEP_Anjou_cmjn-1024x640.png\" alt=\"\" class=\"wp-image-15555\" srcset=\"https:\/\/arctfoot.com\/wp-content\/uploads\/2021\/04\/SoutenuPar_DEP_Anjou_cmjn-1024x640.png 1024w, https:\/\/arctfoot.com\/wp-content\/uploads\/2021\/04\/SoutenuPar_DEP_Anjou_cmjn-300x188.png 300w, https:\/\/arctfoot.com\/wp-content\/uploads\/2021\/04\/SoutenuPar_DEP_Anjou_cmjn-768x480.png 768w, https:\/\/arctfoot.com\/wp-content\/uploads\/2021\/04\/SoutenuPar_DEP_Anjou_cmjn-1536x960.png 1536w, https:\/\/arctfoot.com\/wp-content\/uploads\/2021\/04\/SoutenuPar_DEP_Anjou_cmjn-2048x1280.png 2048w, https:\/\/arctfoot.com\/wp-content\/uploads\/2021\/04\/SoutenuPar_DEP_Anjou_cmjn-480x300.png 480w, https:\/\/arctfoot.com\/wp-content\/uploads\/2021\/04\/SoutenuPar_DEP_Anjou_cmjn-600x375.png 600w\" sizes=\"(max-width: 1024px) 100vw, 1024px\" \/><\/figure>\n","protected":false},"excerpt":{"rendered":"<p>Un club au plus pr\u00e8s de son territoire&#8230; L&#8217;ARCT intervient r\u00e9guli\u00e8rement dans les diff\u00e9rentes \u00e9coles primaires des 3 communes et entretient un lien permanent avec les enfants. Avec un encadrement dipl\u00f4m\u00e9, le club apporte un soutien aux enseignants et propose aux \u00e9coliers et \u00e9coli\u00e8res des activit\u00e9s adapt\u00e9es, autour du football, en plein-air ou en salle.&hellip; <\/p>\n<p class=\"chuchadon-read-more\"><a href=\"https:\/\/arctfoot.com\/index.php\/le-foot-a-lecole\/\" class=\"more-link\">Lire la suite de <span class=\"screen-reader-text\">Le Foot \u00e0 l&#8217;\u00e9cole<\/span><\/a><\/p>\n","protected":false},"author":1,"featured_media":0,"parent":0,"menu_order":0,"comment_status":"closed","ping_status":"closed","template":"","meta":{"_joinchat":[]},"_links":{"self":[{"href":"https:\/\/arctfoot.com\/index.php\/wp-json\/wp\/v2\/pages\/10052"}],"collection":[{"href":"https:\/\/arctfoot.com\/index.php\/wp-json\/wp\/v2\/pages"}],"about":[{"href":"https:\/\/arctfoot.com\/index.php\/wp-json\/wp\/v2\/types\/page"}],"author":[{"embeddable":true,"href":"https:\/\/arctfoot.com\/index.php\/wp-json\/wp\/v2\/users\/1"}],"replies":[{"embeddable":true,"href":"https:\/\/arctfoot.com\/index.php\/wp-json\/wp\/v2\/comments?post=10052"}],"version-history":[{"count":10,"href":"https:\/\/arctfoot.com\/index.php\/wp-json\/wp\/v2\/pages\/10052\/revisions"}],"predecessor-version":[{"id":15557,"href":"https:\/\/arctfoot.com\/index.php\/wp-json\/wp\/v2\/pages\/10052\/revisions\/15557"}],"wp:attachment":[{"href":"https:\/\/arctfoot.com\/index.php\/wp-json\/wp\/v2\/media?parent=10052"}],"curies":[{"name":"wp","href":"https:\/\/api.w.org\/{rel}","templated":true}]}}