 {"id":10173,"date":"2020-04-28T16:49:57","date_gmt":"2020-04-28T14:49:57","guid":{"rendered":"https:\/\/arctfoot.com\/?page_id=10173"},"modified":"2021-11-18T05:57:43","modified_gmt":"2021-11-18T04:57:43","slug":"la-commission-educative","status":"publish","type":"page","link":"https:\/\/arctfoot.com\/index.php\/la-commission-educative\/","title":{"rendered":"La commission \u00e9ducative"},"content":{"rendered":"\n<p>La commission \u00e9ducative<\/p>\n\n\n\n<p>Ouverte \u00e0 toutes et \u00e0 tous ses membres, la commission \u00e9ducative du club est un collectif qui r\u00e9fl\u00e9chit sur les diff\u00e9rentes valeurs \u00e0 transmettre et d\u00e9velopper \u00e0 l&#8217;ensemble de nos licenci\u00e9(e)s. <\/p>\n\n\n\n<figure class=\"is-layout-flex wp-block-gallery-1 wp-block-gallery columns-1 is-cropped\"><ul class=\"blocks-gallery-grid\"><li class=\"blocks-gallery-item\"><figure><img decoding=\"async\" loading=\"lazy\" width=\"1024\" height=\"768\" src=\"https:\/\/arctfoot.com\/wp-content\/uploads\/2020\/05\/40529503_254864618699500_8863572438806429696_o-1024x768.jpg\" alt=\"\" data-id=\"12155\" data-full-url=\"https:\/\/arctfoot.com\/wp-content\/uploads\/2020\/05\/40529503_254864618699500_8863572438806429696_o.jpg\" data-link=\"https:\/\/arctfoot.com\/index.php\/la-commission-educative\/40529503_254864618699500_8863572438806429696_o\/\" class=\"wp-image-12155\" srcset=\"https:\/\/arctfoot.com\/wp-content\/uploads\/2020\/05\/40529503_254864618699500_8863572438806429696_o-1024x768.jpg 1024w, https:\/\/arctfoot.com\/wp-content\/uploads\/2020\/05\/40529503_254864618699500_8863572438806429696_o-300x225.jpg 300w, https:\/\/arctfoot.com\/wp-content\/uploads\/2020\/05\/40529503_254864618699500_8863572438806429696_o-768x576.jpg 768w, https:\/\/arctfoot.com\/wp-content\/uploads\/2020\/05\/40529503_254864618699500_8863572438806429696_o-600x450.jpg 600w, https:\/\/arctfoot.com\/wp-content\/uploads\/2020\/05\/40529503_254864618699500_8863572438806429696_o.jpg 1440w\" sizes=\"(max-width: 1024px) 100vw, 1024px\" \/><\/figure><\/li><\/ul><\/figure>\n\n\n\n<p>S&#8217;inspirant du programme \u00e9ducatif f\u00e9d\u00e9ral, elle se r\u00e9unie 4 \u00e0 5 fois dans la saison pour mettre en place des actions et \u00e9tablir les suivis et les bilans de celles-ci. <\/p>\n\n\n\n<figure class=\"is-layout-flex wp-block-gallery-3 wp-block-gallery columns-1 is-cropped\"><ul class=\"blocks-gallery-grid\"><li class=\"blocks-gallery-item\"><figure><img decoding=\"async\" loading=\"lazy\" width=\"960\" height=\"720\" src=\"https:\/\/arctfoot.com\/wp-content\/uploads\/2020\/05\/71094314_480608872791739_5048500878378532864_n.jpg\" alt=\"\" data-id=\"12156\" data-full-url=\"https:\/\/arctfoot.com\/wp-content\/uploads\/2020\/05\/71094314_480608872791739_5048500878378532864_n.jpg\" data-link=\"https:\/\/arctfoot.com\/index.php\/la-commission-educative\/71094314_480608872791739_5048500878378532864_n\/\" class=\"wp-image-12156\" srcset=\"https:\/\/arctfoot.com\/wp-content\/uploads\/2020\/05\/71094314_480608872791739_5048500878378532864_n.jpg 960w, https:\/\/arctfoot.com\/wp-content\/uploads\/2020\/05\/71094314_480608872791739_5048500878378532864_n-300x225.jpg 300w, https:\/\/arctfoot.com\/wp-content\/uploads\/2020\/05\/71094314_480608872791739_5048500878378532864_n-768x576.jpg 768w, https:\/\/arctfoot.com\/wp-content\/uploads\/2020\/05\/71094314_480608872791739_5048500878378532864_n-600x450.jpg 600w\" sizes=\"(max-width: 960px) 100vw, 960px\" \/><\/figure><\/li><\/ul><\/figure>\n\n\n\n<p>N&#8217;h\u00e9sitez pas \u00e0 participer \u00e0 une, deux, trois r\u00e9unions&#8230; Ammenez vos remarques et propositions sur le football actuel, celui de notre club, et devenez ainsi, acteur(ice) de votre club en d\u00e9fendant vos points de vues avec le temps que vous souhaitez y accorder.<\/p>\n\n\n\n<figure class=\"wp-block-image size-large\"><img decoding=\"async\" loading=\"lazy\" width=\"960\" height=\"720\" src=\"https:\/\/arctfoot.com\/wp-content\/uploads\/2020\/05\/19399592_10213550719026018_5194165784510133772_n.jpg\" alt=\"\" class=\"wp-image-12157\" srcset=\"https:\/\/arctfoot.com\/wp-content\/uploads\/2020\/05\/19399592_10213550719026018_5194165784510133772_n.jpg 960w, https:\/\/arctfoot.com\/wp-content\/uploads\/2020\/05\/19399592_10213550719026018_5194165784510133772_n-300x225.jpg 300w, https:\/\/arctfoot.com\/wp-content\/uploads\/2020\/05\/19399592_10213550719026018_5194165784510133772_n-768x576.jpg 768w, https:\/\/arctfoot.com\/wp-content\/uploads\/2020\/05\/19399592_10213550719026018_5194165784510133772_n-600x450.jpg 600w\" sizes=\"(max-width: 960px) 100vw, 960px\" \/><\/figure>\n","protected":false},"excerpt":{"rendered":"<p>La commission \u00e9ducative Ouverte \u00e0 toutes et \u00e0 tous ses membres, la commission \u00e9ducative du club est un collectif qui r\u00e9fl\u00e9chit sur les diff\u00e9rentes valeurs \u00e0 transmettre et d\u00e9velopper \u00e0 l&#8217;ensemble de nos licenci\u00e9(e)s. S&#8217;inspirant du programme \u00e9ducatif f\u00e9d\u00e9ral, elle se r\u00e9unie 4 \u00e0 5 fois dans la saison pour mettre en place des actions&hellip; <\/p>\n<p class=\"chuchadon-read-more\"><a href=\"https:\/\/arctfoot.com\/index.php\/la-commission-educative\/\" class=\"more-link\">Lire la suite de <span class=\"screen-reader-text\">La commission \u00e9ducative<\/span><\/a><\/p>\n","protected":false},"author":1,"featured_media":16244,"parent":0,"menu_order":0,"comment_status":"closed","ping_status":"closed","template":"","meta":{"_joinchat":[]},"_links":{"self":[{"href":"https:\/\/arctfoot.com\/index.php\/wp-json\/wp\/v2\/pages\/10173"}],"collection":[{"href":"https:\/\/arctfoot.com\/index.php\/wp-json\/wp\/v2\/pages"}],"about":[{"href":"https:\/\/arctfoot.com\/index.php\/wp-json\/wp\/v2\/types\/page"}],"author":[{"embeddable":true,"href":"https:\/\/arctfoot.com\/index.php\/wp-json\/wp\/v2\/users\/1"}],"replies":[{"embeddable":true,"href":"https:\/\/arctfoot.com\/index.php\/wp-json\/wp\/v2\/comments?post=10173"}],"version-history":[{"count":6,"href":"https:\/\/arctfoot.com\/index.php\/wp-json\/wp\/v2\/pages\/10173\/revisions"}],"predecessor-version":[{"id":16245,"href":"https:\/\/arctfoot.com\/index.php\/wp-json\/wp\/v2\/pages\/10173\/revisions\/16245"}],"wp:featuredmedia":[{"embeddable":true,"href":"https:\/\/arctfoot.com\/index.php\/wp-json\/wp\/v2\/media\/16244"}],"wp:attachment":[{"href":"https:\/\/arctfoot.com\/index.php\/wp-json\/wp\/v2\/media?parent=10173"}],"curies":[{"name":"wp","href":"https:\/\/api.w.org\/{rel}","templated":true}]}}