 {"id":14944,"date":"2020-09-28T05:14:14","date_gmt":"2020-09-28T03:14:14","guid":{"rendered":"https:\/\/arctfoot.com\/?p=14944"},"modified":"2021-08-13T08:29:50","modified_gmt":"2021-08-13T06:29:50","slug":"partenaires-just-clean","status":"publish","type":"page","link":"https:\/\/arctfoot.com\/index.php\/partenaires-just-clean\/","title":{"rendered":"[PARTENAIRES] JUST&#8217; CLEAN"},"content":{"rendered":"\n<p>Second co-Partenaire Maillots pour les U13! JUST&#8217; CLEAN est une entreprise de nettoyage bas\u00e9e sur la commune de Gest\u00e9 depuis plus de 4 ans. Elle est sp\u00e9cialis\u00e9e dans le nettoyage de bureaux et cabinets m\u00e9dicaux sur les communes de Gest\u00e9, Tilli\u00e8res et Villedieu.<\/p>\n\n\n\n<p>Le club remercie Just&#8217;Clean pour sa collaboration et sa confiance!<\/p>\n\n\n\n<p><\/p>\n","protected":false},"excerpt":{"rendered":"<p>Second co-Partenaire Maillots pour les U13! JUST&#8217; CLEAN est une entreprise de nettoyage bas\u00e9e sur la commune de Gest\u00e9 depuis plus de 4 ans. Elle est sp\u00e9cialis\u00e9e dans le nettoyage de bureaux et cabinets m\u00e9dicaux sur les communes de Gest\u00e9, Tilli\u00e8res et Villedieu. Le club remercie Just&#8217;Clean pour sa collaboration et sa confiance!<\/p>\n","protected":false},"author":1,"featured_media":14945,"parent":0,"menu_order":0,"comment_status":"closed","ping_status":"closed","template":"","meta":{"_joinchat":[]},"_links":{"self":[{"href":"https:\/\/arctfoot.com\/index.php\/wp-json\/wp\/v2\/pages\/14944"}],"collection":[{"href":"https:\/\/arctfoot.com\/index.php\/wp-json\/wp\/v2\/pages"}],"about":[{"href":"https:\/\/arctfoot.com\/index.php\/wp-json\/wp\/v2\/types\/page"}],"author":[{"embeddable":true,"href":"https:\/\/arctfoot.com\/index.php\/wp-json\/wp\/v2\/users\/1"}],"replies":[{"embeddable":true,"href":"https:\/\/arctfoot.com\/index.php\/wp-json\/wp\/v2\/comments?post=14944"}],"version-history":[{"count":2,"href":"https:\/\/arctfoot.com\/index.php\/wp-json\/wp\/v2\/pages\/14944\/revisions"}],"predecessor-version":[{"id":14947,"href":"https:\/\/arctfoot.com\/index.php\/wp-json\/wp\/v2\/pages\/14944\/revisions\/14947"}],"wp:featuredmedia":[{"embeddable":true,"href":"https:\/\/arctfoot.com\/index.php\/wp-json\/wp\/v2\/media\/14945"}],"wp:attachment":[{"href":"https:\/\/arctfoot.com\/index.php\/wp-json\/wp\/v2\/media?parent=14944"}],"curies":[{"name":"wp","href":"https:\/\/api.w.org\/{rel}","templated":true}]}}