 {"id":14959,"date":"2020-10-02T05:04:15","date_gmt":"2020-10-02T03:04:15","guid":{"rendered":"https:\/\/arctfoot.com\/?page_id=14959"},"modified":"2025-09-02T09:39:19","modified_gmt":"2025-09-02T07:39:19","slug":"plaquette-partenariats-entreprises","status":"publish","type":"page","link":"https:\/\/arctfoot.com\/index.php\/plaquette-partenariats-entreprises\/","title":{"rendered":"Plaquette Partenariats\/Entreprises"},"content":{"rendered":"\n<p>Plaquette Partenariats Club\/Entreprises<\/p>\n\n\n<div style=\"position: relative; width: 100%; height: 0; padding-top: 56.2500%;\n padding-bottom: 0; box-shadow: 0 2px 8px 0 rgba(63,69,81,0.16); margin-top: 1.6em; margin-bottom: 0.9em; overflow: hidden;\n border-radius: 8px; will-change: transform;\"><br \/>\n  <iframe loading=\"lazy\" style=\"position: absolute; width: 100%; height: 100%; top: 0; left: 0; border: none; padding: 0;margin: 0;\" src=\"https:\/\/www.canva.com\/design\/DAGwBGZPWiU\/6ai2Pym69lwDid5K_sO29A\/view?embed\" allowfullscreen=\"allowfullscreen\" allow=\"fullscreen\"><br \/>\n  <\/iframe>\n<\/div>\n<p><a href=\"https:\/\/www.canva.com\/design\/DAGwBGZPWiU\/6ai2Pym69lwDid5K_sO29A\/view?utm_content=DAGwBGZPWiU&amp;utm_campaign=designshare&amp;utm_medium=embeds&amp;utm_source=link\" target=\"_blank\" rel=\"noopener\">MECENAT ENTREPRISES<\/a> par ARC Tillieres<\/p>\n\n\n\n<div class=\"is-layout-flex wp-block-buttons\">\n<div class=\"wp-block-button aligncenter\"><a class=\"wp-block-button__link has-white-color has-text-color has-background wp-element-button\" href=\"https:\/\/www.helloasso.com\/associations\/arc-tillieres-football\/formulaires\/6\" style=\"background-color:#163d90\" target=\"_blank\" rel=\"noreferrer noopener\">Acc\u00e9der au formulaire de M\u00e9c\u00e9nat Entreprises ici<\/a><\/div>\n<\/div>\n","protected":false},"excerpt":{"rendered":"<p>Plaquette Partenariats Club\/Entreprises<\/p>\n","protected":false},"author":1,"featured_media":0,"parent":0,"menu_order":0,"comment_status":"closed","ping_status":"closed","template":"","meta":{"_joinchat":[]},"_links":{"self":[{"href":"https:\/\/arctfoot.com\/index.php\/wp-json\/wp\/v2\/pages\/14959"}],"collection":[{"href":"https:\/\/arctfoot.com\/index.php\/wp-json\/wp\/v2\/pages"}],"about":[{"href":"https:\/\/arctfoot.com\/index.php\/wp-json\/wp\/v2\/types\/page"}],"author":[{"embeddable":true,"href":"https:\/\/arctfoot.com\/index.php\/wp-json\/wp\/v2\/users\/1"}],"replies":[{"embeddable":true,"href":"https:\/\/arctfoot.com\/index.php\/wp-json\/wp\/v2\/comments?post=14959"}],"version-history":[{"count":23,"href":"https:\/\/arctfoot.com\/index.php\/wp-json\/wp\/v2\/pages\/14959\/revisions"}],"predecessor-version":[{"id":18305,"href":"https:\/\/arctfoot.com\/index.php\/wp-json\/wp\/v2\/pages\/14959\/revisions\/18305"}],"wp:attachment":[{"href":"https:\/\/arctfoot.com\/index.php\/wp-json\/wp\/v2\/media?parent=14959"}],"curies":[{"name":"wp","href":"https:\/\/api.w.org\/{rel}","templated":true}]}}