 {"id":15499,"date":"2021-02-28T15:34:40","date_gmt":"2021-02-28T14:34:40","guid":{"rendered":"https:\/\/arctfoot.com\/index.php\/adverts\/add\/"},"modified":"2021-04-22T13:01:00","modified_gmt":"2021-04-22T11:01:00","slug":"depot-annonces","status":"publish","type":"page","link":"https:\/\/arctfoot.com\/index.php\/trocdelarct\/depot-annonces\/","title":{"rendered":"DEPOT ANNONCES TROC DE L&#8217;ARCT"},"content":{"rendered":"\r\n                    \r\n    \r\n<form action=\"\" method=\"post\" class=\"adverts-form adverts-form-aligned\">\r\n    <fieldset>\r\n        \r\n                <input type=\"hidden\" name=\"_post_id\" id=\"_post_id\"  \/>                <input type=\"hidden\" name=\"_adverts_action\" id=\"_adverts_action\" value=\"preview\"  \/>                <input type=\"hidden\" name=\"_wpadverts_checksum\" id=\"_wpadverts_checksum\" value=\"311e8cb2b9d22583d01267e5766d25b8\"  \/>                <input type=\"hidden\" name=\"_wpadverts_checksum_nonce\" id=\"_wpadverts_checksum_nonce\" value=\"ea6360d099\"  \/>                <input type=\"hidden\" name=\"_post_id_nonce\" id=\"_post_id_nonce\"  \/>                <input type=\"hidden\" name=\"_timetrap_field\" id=\"_timetrap_field\" value=\"YXl3UzQ4UFM5bmNUdGNJOEdTbHdHQT09\"  \/>                \r\n                \r\n        <div class=\"adverts-control-group adverts-field-header adverts-field-name-_contact_information \">\r\n            \r\n                        <div class=\"adverts-field-header\">\r\n                <span class=\"adverts-field-header-title\">Information de contact<\/span>\r\n                            <\/div>\r\n                        \r\n                        \r\n        <\/div>\r\n                \r\n        <div class=\"adverts-control-group adverts-field-account adverts-field-name-_adverts_account \">\r\n            \r\n                        \r\n            <label for=\"_adverts_account\">\r\n                Compte                            <\/label>\r\n            \r\n            <div class=\"adverts-form-input-group adverts-form-input-group-checkbox adverts-field-rows-1\" ><div ><label for=\"_adverts_account_1\" ><input type=\"checkbox\" name=\"_adverts_account[]\" id=\"_adverts_account_1\" value=\"1\"  \/> Me cr\u00e9er un compte afin que je puisse g\u00e9rer mes annonces (un mot-de-passe vous sera envoy\u00e9) ou <a href=\"https:\/\/arctfoot.com\/wp-login.php?redirect_to=https%3A%2F%2Farctfoot.com%2Findex.php%2Ftrocdelarct%2Fdepot-annonces%2F\">Connexion<\/a><\/label><\/div><\/div>\r\n                        \r\n                        \r\n        <\/div>\r\n                \r\n        <div class=\"adverts-control-group adverts-field-text adverts-field-name-adverts_person \">\r\n            \r\n                        \r\n            <label for=\"adverts_person\">\r\n                Personne de contact                                <span class=\"adverts-form-required\">*<\/span>\r\n                            <\/label>\r\n            \r\n            <input type=\"text\" name=\"adverts_person\" id=\"adverts_person\"  \/>\r\n                        \r\n                        \r\n        <\/div>\r\n                \r\n        <div class=\"adverts-control-group adverts-field-text adverts-field-name-adverts_email \">\r\n            \r\n                        \r\n            <label for=\"adverts_email\">\r\n                E mail                                <span class=\"adverts-form-required\">*<\/span>\r\n                            <\/label>\r\n            \r\n            <input type=\"text\" name=\"adverts_email\" id=\"adverts_email\"  \/>\r\n                        \r\n                        \r\n        <\/div>\r\n                \r\n        <div class=\"adverts-control-group adverts-field-text adverts-field-name-adverts_phone \">\r\n            \r\n                        \r\n            <label for=\"adverts_phone\">\r\n                N\u00b0 de t\u00e9l\u00e9phone                            <\/label>\r\n            \r\n            <input type=\"text\" name=\"adverts_phone\" id=\"adverts_phone\"  \/>\r\n                        \r\n                        \r\n        <\/div>\r\n                \r\n        <div class=\"adverts-control-group adverts-field-header adverts-field-name-_item_information \">\r\n            \r\n                        <div class=\"adverts-field-header\">\r\n                <span class=\"adverts-field-header-title\">Texte d&#039;information<\/span>\r\n                            <\/div>\r\n                        \r\n                        \r\n        <\/div>\r\n                \r\n        <div class=\"adverts-control-group adverts-field-text adverts-field-name-post_title \">\r\n            \r\n                        \r\n            <label for=\"post_title\">\r\n                Titre                                <span class=\"adverts-form-required\">*<\/span>\r\n                            <\/label>\r\n            \r\n            <input type=\"text\" name=\"post_title\" id=\"post_title\"  \/>\r\n                        \r\n                        \r\n        <\/div>\r\n                \r\n        <div class=\"adverts-control-group adverts-field-select adverts-field-name-advert_category \">\r\n            \r\n                        \r\n            <label for=\"advert_category\">\r\n                Cat\u00e9gorie                            <\/label>\r\n            \r\n            <select id=\"advert_category\" name=\"advert_category[]\" class=\" adverts-multiselect adverts-max-choices[10]\" multiple=\"multiple\" ><option value=\"84\" >Adulte<\/option><option value=\"88\" data-depth=\"1\" >Accessoires<\/option><option value=\"86\" data-depth=\"1\" >Chaussures<\/option><option value=\"90\" data-depth=\"1\" >Vetements<\/option><option value=\"92\" >Autre<\/option><option value=\"85\" >Enfant<\/option><option value=\"89\" data-depth=\"1\" >Accessoires<\/option><option value=\"87\" data-depth=\"1\" >Chaussures<\/option><option value=\"91\" data-depth=\"1\" >Vetements<\/option><\/select>\r\n                        \r\n                        \r\n        <\/div>\r\n                \r\n        <div class=\"adverts-control-group adverts-field-gallery adverts-field-name-gallery \">\r\n            \r\n                        \r\n            <label for=\"gallery\">\r\n                Galerie                            <\/label>\r\n            \r\n            \n\n        <div id=\"adverts-plupload-upload-ui-gallery\" class=\"adverts-plupload-upload-ui adverts-browser-frontend\">\n        <div id=\"adverts-drag-drop-area-gallery\"class=\"adverts-drag-drop-area\">\n        \n        <\/div>\n        <div class=\"adverts-gallery\">\n            <p>D\u00e9poser les fichiers ici pour les ajouter<\/p>\n            <p><a href=\"#\" id=\"adverts-plupload-browse-button-gallery\" class=\"adverts-plupload-browse-button adverts-button\">Ajouter des images\u2026<\/a><\/p>\n        <\/div>\n        <div class=\"adverts-gallery-uploads\">\n\n        <\/div>\n\n    <\/div>\n        \n            \n        \n    \n    <script type=\"text\/javascript\">\n    if(typeof ADVERTS_PLUPLOAD_DATA === \"undefined\") {\n        var ADVERTS_PLUPLOAD_DATA = [];\n    }\n    ADVERTS_PLUPLOAD_DATA.push({\"init\":{\"runtimes\":\"html5,silverlight,flash,html4\",\"browse_button\":\"adverts-plupload-browse-button-gallery\",\"container\":\"adverts-plupload-upload-ui-gallery\",\"drop_element\":\"adverts-drag-drop-area-gallery\",\"file_data_name\":\"async-upload\",\"multiple_queues\":true,\"max_file_size\":\"0\",\"url\":\"https:\\\/\\\/arctfoot.com\\\/wp-admin\\\/admin-ajax.php\",\"flash_swf_url\":\"https:\\\/\\\/arctfoot.com\\\/wp-includes\\\/js\\\/plupload\\\/plupload.flash.swf\",\"silverlight_xap_url\":\"https:\\\/\\\/arctfoot.com\\\/wp-includes\\\/js\\\/plupload\\\/plupload.silverlight.xap\",\"filters\":[{\"title\":\"Fichiers autoris\\u00e9s\",\"extensions\":\"*\"}],\"multipart\":true,\"urlstream_upload\":true,\"multipart_params\":{\"_wpadverts_checksum_nonce\":\"ea6360d099\",\"_wpadverts_checksum\":\"311e8cb2b9d22583d01267e5766d25b8\",\"action\":\"adverts_gallery_upload\",\"form\":\"advert\",\"field_name\":\"gallery\"}},\"data\":[],\"conf\":{\"button_class\":\"adverts-button\",\"input_post_id\":\"#_post_id\",\"input_post_id_nonce\":\"#_post_id_nonce\",\"_wpadverts_checksum_nonce\":\"ea6360d099\",\"_wpadverts_checksum\":\"311e8cb2b9d22583d01267e5766d25b8\",\"_post_id\":null,\"_post_id_nonce\":null,\"field_name\":\"gallery\",\"form_name\":\"advert\",\"save\":{\"method\":\"media-library\",\"supports\":[\"featured\"]},\"uniqid\":null},\"sizes\":{\"adverts_gallery\":{\"enabled\":1,\"width\":650,\"height\":300,\"crop\":false},\"adverts_list\":{\"enabled\":1,\"width\":310,\"height\":310,\"crop\":false},\"adverts_upload_thumbnail\":{\"enabled\":1,\"width\":150,\"height\":105,\"crop\":false}}});\n    \n    if(typeof ADVERTS_IMAGE_SIZES === \"undefined\") {\n        var ADVERTS_IMAGE_SIZES = {\"adverts_gallery\":{\"enabled\":1,\"width\":650,\"height\":300,\"crop\":false},\"adverts_list\":{\"enabled\":1,\"width\":310,\"height\":310,\"crop\":false},\"adverts_upload_thumbnail\":{\"enabled\":1,\"width\":150,\"height\":105,\"crop\":false}};\n    }\n    <\/script>\n    \r\n                        \r\n                        \r\n        <\/div>\r\n                \r\n        <div class=\"adverts-control-group adverts-field-textarea adverts-field-name-post_content \">\r\n            \r\n                        \r\n            <label for=\"post_content\">\r\n                Description                                 <span class=\"adverts-form-required\">*<\/span>\r\n                            <\/label>\r\n            \r\n            <div id=\"wp-post_content-wrap\" class=\"wp-core-ui wp-editor-wrap tmce-active\"><link rel='stylesheet' id='dashicons-css' href='https:\/\/arctfoot.com\/wp-includes\/css\/dashicons.min.css?ver=6.1.10' type='text\/css' media='all' \/>\n<link rel='stylesheet' id='editor-buttons-css' href='https:\/\/arctfoot.com\/wp-includes\/css\/editor.min.css?ver=6.1.10' type='text\/css' media='all' \/>\n<div id=\"wp-post_content-editor-container\" class=\"wp-editor-container\"><textarea class=\"wp-editor-area\" rows=\"8\" autocomplete=\"off\" cols=\"40\" name=\"post_content\" id=\"post_content\"><\/textarea><\/div>\n<\/div>\n\n\r\n                        \r\n                        \r\n        <\/div>\r\n                \r\n        <div class=\"adverts-control-group adverts-field-text adverts-field-name-adverts_price \">\r\n            \r\n                        \r\n            <label for=\"adverts_price\">\r\n                Prix                            <\/label>\r\n            \r\n            <input type=\"text\" name=\"adverts_price\" id=\"adverts_price\" class=\"adverts-filter-money\"  \/>\r\n                        \r\n                        \r\n        <\/div>\r\n                \r\n        <div class=\"adverts-control-group adverts-field-text adverts-field-name-adverts_location \">\r\n            \r\n                        \r\n            <label for=\"adverts_location\">\r\n                Localit\u00e9                            <\/label>\r\n            \r\n            <input type=\"text\" name=\"adverts_location\" id=\"adverts_location\"  \/>\r\n                        \r\n                        \r\n        <\/div>\r\n                \r\n        <div class=\"adverts-control-group adverts-field-actions\">\r\n\r\n            <input type=\"submit\" name=\"submit\" value=\"Pr\u00e9visualiser\" style=\"font-size:1.2em\" class=\"adverts-button adverts-cancel-unload\" \/>\r\n        <\/div>\r\n        \r\n    <\/fieldset>\r\n<\/form>\n","protected":false},"excerpt":{"rendered":"","protected":false},"author":1,"featured_media":15608,"parent":15498,"menu_order":0,"comment_status":"closed","ping_status":"closed","template":"","meta":{"_joinchat":[]},"_links":{"self":[{"href":"https:\/\/arctfoot.com\/index.php\/wp-json\/wp\/v2\/pages\/15499"}],"collection":[{"href":"https:\/\/arctfoot.com\/index.php\/wp-json\/wp\/v2\/pages"}],"about":[{"href":"https:\/\/arctfoot.com\/index.php\/wp-json\/wp\/v2\/types\/page"}],"author":[{"embeddable":true,"href":"https:\/\/arctfoot.com\/index.php\/wp-json\/wp\/v2\/users\/1"}],"replies":[{"embeddable":true,"href":"https:\/\/arctfoot.com\/index.php\/wp-json\/wp\/v2\/comments?post=15499"}],"version-history":[{"count":6,"href":"https:\/\/arctfoot.com\/index.php\/wp-json\/wp\/v2\/pages\/15499\/revisions"}],"predecessor-version":[{"id":15620,"href":"https:\/\/arctfoot.com\/index.php\/wp-json\/wp\/v2\/pages\/15499\/revisions\/15620"}],"up":[{"embeddable":true,"href":"https:\/\/arctfoot.com\/index.php\/wp-json\/wp\/v2\/pages\/15498"}],"wp:featuredmedia":[{"embeddable":true,"href":"https:\/\/arctfoot.com\/index.php\/wp-json\/wp\/v2\/media\/15608"}],"wp:attachment":[{"href":"https:\/\/arctfoot.com\/index.php\/wp-json\/wp\/v2\/media?parent=15499"}],"curies":[{"name":"wp","href":"https:\/\/api.w.org\/{rel}","templated":true}]}}