 {"id":15500,"date":"2021-02-28T15:34:40","date_gmt":"2021-02-28T14:34:40","guid":{"rendered":"https:\/\/arctfoot.com\/index.php\/adverts\/manage\/"},"modified":"2021-04-26T10:43:15","modified_gmt":"2021-04-26T08:43:15","slug":"manage","status":"publish","type":"page","link":"https:\/\/arctfoot.com\/index.php\/trocdelarct\/manage\/","title":{"rendered":"MODIFICATIONS ANNONCES TROC DE L\u2019ARCT"},"content":{"rendered":"\r\n            <div class=\"adverts-flash-messages adverts-flash-error\">\r\n                    \r\n        <div class=\"adverts-flash-single\">\r\n                        <span class=\"adverts-flash-message-icon adverts-icon-lock\"><\/span>\r\n            <span class=\"adverts-flash-message-text adverts-flash-padding\">Seul les utilisateurs connect\u00e9s peuvent acc\u00e9der \u00e0 cette page. <a href=\"https:\/\/arctfoot.com\/wp-login.php?redirect_to=https%3A%2F%2Farctfoot.com%2Findex.php%2Ftrocdelarct%2Fmanage%2F\">Se connecter<\/a> ou <a href=\"https:\/\/arctfoot.com\/wp-login.php?action=register\">Cr\u00e9er un compte<\/a>.<\/span>\r\n                    <\/div>\r\n        <\/div>\r\n                \r\n    \n","protected":false},"excerpt":{"rendered":"","protected":false},"author":1,"featured_media":15608,"parent":15498,"menu_order":0,"comment_status":"closed","ping_status":"closed","template":"","meta":{"_joinchat":[]},"_links":{"self":[{"href":"https:\/\/arctfoot.com\/index.php\/wp-json\/wp\/v2\/pages\/15500"}],"collection":[{"href":"https:\/\/arctfoot.com\/index.php\/wp-json\/wp\/v2\/pages"}],"about":[{"href":"https:\/\/arctfoot.com\/index.php\/wp-json\/wp\/v2\/types\/page"}],"author":[{"embeddable":true,"href":"https:\/\/arctfoot.com\/index.php\/wp-json\/wp\/v2\/users\/1"}],"replies":[{"embeddable":true,"href":"https:\/\/arctfoot.com\/index.php\/wp-json\/wp\/v2\/comments?post=15500"}],"version-history":[{"count":2,"href":"https:\/\/arctfoot.com\/index.php\/wp-json\/wp\/v2\/pages\/15500\/revisions"}],"predecessor-version":[{"id":15634,"href":"https:\/\/arctfoot.com\/index.php\/wp-json\/wp\/v2\/pages\/15500\/revisions\/15634"}],"up":[{"embeddable":true,"href":"https:\/\/arctfoot.com\/index.php\/wp-json\/wp\/v2\/pages\/15498"}],"wp:featuredmedia":[{"embeddable":true,"href":"https:\/\/arctfoot.com\/index.php\/wp-json\/wp\/v2\/media\/15608"}],"wp:attachment":[{"href":"https:\/\/arctfoot.com\/index.php\/wp-json\/wp\/v2\/media?parent=15500"}],"curies":[{"name":"wp","href":"https:\/\/api.w.org\/{rel}","templated":true}]}}