 {"id":17807,"date":"2024-05-24T15:10:40","date_gmt":"2024-05-24T13:10:40","guid":{"rendered":"https:\/\/arctfoot.com\/?page_id=17807"},"modified":"2025-05-23T15:28:17","modified_gmt":"2025-05-23T13:28:17","slug":"arbitre-club-jeune","status":"publish","type":"page","link":"https:\/\/arctfoot.com\/index.php\/arbitre-club-jeune\/","title":{"rendered":"ARBITRE CLUB JEUNE"},"content":{"rendered":"\n<p>ARBITRE CLUB JEUNE<\/p>\n\n\n\n<p>\ud83d\udce8Pr\u00e9sent\u00e9 il y a quelques semaines aux cat\u00e9gories masculines et f\u00e9minines concern\u00e9es, le dispositif Arbitre de club Jeunes 100% ARCT\/GF Etoiles bleues!<\/p>\n\n\n\n<p>\ud83c\udd95Une nouvelle possibilit\u00e9 de s&#8217;engager dans l&#8217;arbitrage au club \u00e0 partir de la saison prochaine.<\/p>\n\n\n\n<p>Inspir\u00e9 du dispositif Arbitre de club, nous avons d\u00e9clin\u00e9 \u00e0 notre mani\u00e8re ce statut propre au club pour les jeunes avec 2\ufe0f\u20e3 objectifs pr\u00e9cis issus du projet club:<\/p>\n\n\n\n<p>\u25b6\ufe0fReconsid\u00e9rer l&#8217;arbitre et l&#8217;arbitrage au sein du club<\/p>\n\n\n\n<p>\u25b6\ufe0fAccompagner et valoriser les jeunes qui s&#8217;engagent<\/p>\n\n\n\n<p>\u261d\ufe0fLe projet ne concerne pas que nos joueurs(ses), il peut tout \u00e0 fait correspondre \u00e0 des enfants non pratiquants, d\u00e9sirant d\u00e9couvrir une discipline sportive \u00e0 part enti\u00e8re.<\/p>\n\n\n\n<p>\u2139\ufe0f Toutes les infos ont circul\u00e9 sur les groupes WhatsApp des cat\u00e9gories. Plus d&#8217;infos aupr\u00e8s de Thomas, r\u00e9f\u00e9rent arbitrage, au 0660225228\ud83d\udcf2 pour d\u00e9couvrir et\/ou s&#8217;engager&#8230;<\/p>\n\n\n\n<div class=\"wp-block-file\"><object class=\"wp-block-file__embed\" data=\"https:\/\/arctfoot.com\/wp-content\/uploads\/2024\/05\/ARBITRE-CLUB-JEUNE-1.pdf\" type=\"application\/pdf\" style=\"width:100%;height:600px\" aria-label=\"Contenu embarqu\u00e9 ARBITRE-CLUB-JEUNE-1.\"><\/object><a id=\"wp-block-file--media-aa2c05b1-dbe8-4e35-ba51-2ed06fbfe1fa\" href=\"https:\/\/arctfoot.com\/wp-content\/uploads\/2024\/05\/ARBITRE-CLUB-JEUNE-1.pdf\">ARBITRE-CLUB-JEUNE-1<\/a><a href=\"https:\/\/arctfoot.com\/wp-content\/uploads\/2024\/05\/ARBITRE-CLUB-JEUNE-1.pdf\" class=\"wp-block-file__button wp-element-button\" download aria-describedby=\"wp-block-file--media-aa2c05b1-dbe8-4e35-ba51-2ed06fbfe1fa\">T\u00e9l\u00e9charger<\/a><\/div>\n","protected":false},"excerpt":{"rendered":"<p>ARBITRE CLUB JEUNE \ud83d\udce8Pr\u00e9sent\u00e9 il y a quelques semaines aux cat\u00e9gories masculines et f\u00e9minines concern\u00e9es, le dispositif Arbitre de club Jeunes 100% ARCT\/GF Etoiles bleues! \ud83c\udd95Une nouvelle possibilit\u00e9 de s&#8217;engager dans l&#8217;arbitrage au club \u00e0 partir de la saison prochaine. Inspir\u00e9 du dispositif Arbitre de club, nous avons d\u00e9clin\u00e9 \u00e0 notre mani\u00e8re ce statut propre&hellip; <\/p>\n<p class=\"chuchadon-read-more\"><a href=\"https:\/\/arctfoot.com\/index.php\/arbitre-club-jeune\/\" class=\"more-link\">Lire la suite de <span class=\"screen-reader-text\">ARBITRE CLUB JEUNE<\/span><\/a><\/p>\n","protected":false},"author":1,"featured_media":18257,"parent":0,"menu_order":0,"comment_status":"closed","ping_status":"closed","template":"","meta":{"_joinchat":[]},"_links":{"self":[{"href":"https:\/\/arctfoot.com\/index.php\/wp-json\/wp\/v2\/pages\/17807"}],"collection":[{"href":"https:\/\/arctfoot.com\/index.php\/wp-json\/wp\/v2\/pages"}],"about":[{"href":"https:\/\/arctfoot.com\/index.php\/wp-json\/wp\/v2\/types\/page"}],"author":[{"embeddable":true,"href":"https:\/\/arctfoot.com\/index.php\/wp-json\/wp\/v2\/users\/1"}],"replies":[{"embeddable":true,"href":"https:\/\/arctfoot.com\/index.php\/wp-json\/wp\/v2\/comments?post=17807"}],"version-history":[{"count":3,"href":"https:\/\/arctfoot.com\/index.php\/wp-json\/wp\/v2\/pages\/17807\/revisions"}],"predecessor-version":[{"id":18254,"href":"https:\/\/arctfoot.com\/index.php\/wp-json\/wp\/v2\/pages\/17807\/revisions\/18254"}],"wp:featuredmedia":[{"embeddable":true,"href":"https:\/\/arctfoot.com\/index.php\/wp-json\/wp\/v2\/media\/18257"}],"wp:attachment":[{"href":"https:\/\/arctfoot.com\/index.php\/wp-json\/wp\/v2\/media?parent=17807"}],"curies":[{"name":"wp","href":"https:\/\/api.w.org\/{rel}","templated":true}]}}