 {"id":64,"date":"2017-09-26T23:15:51","date_gmt":"2017-09-26T21:15:51","guid":{"rendered":"http:\/\/arctfoot.com\/?page_id=64"},"modified":"2025-11-05T07:31:08","modified_gmt":"2025-11-05T06:31:08","slug":"u15","status":"publish","type":"page","link":"https:\/\/arctfoot.com\/index.php\/u15\/","title":{"rendered":"U15"},"content":{"rendered":"\n<figure class=\"wp-block-image size-large\"><img decoding=\"async\" loading=\"lazy\" width=\"2048\" height=\"1365\" src=\"https:\/\/arctfoot.com\/wp-content\/uploads\/2025\/11\/3-1024x683.png\" alt=\"\" class=\"wp-image-18344\" srcset=\"https:\/\/arctfoot.com\/wp-content\/uploads\/2025\/11\/3-1024x683.png 1024w, https:\/\/arctfoot.com\/wp-content\/uploads\/2025\/11\/3-300x200.png 300w, https:\/\/arctfoot.com\/wp-content\/uploads\/2025\/11\/3-768x512.png 768w, https:\/\/arctfoot.com\/wp-content\/uploads\/2025\/11\/3-1536x1024.png 1536w, https:\/\/arctfoot.com\/wp-content\/uploads\/2025\/11\/3-450x300.png 450w, https:\/\/arctfoot.com\/wp-content\/uploads\/2025\/11\/3-310x207.png 310w, https:\/\/arctfoot.com\/wp-content\/uploads\/2025\/11\/3-150x100.png 150w, https:\/\/arctfoot.com\/wp-content\/uploads\/2025\/11\/3.png 2048w\" sizes=\"(max-width: 2048px) 100vw, 2048px\" \/><\/figure>\n\n\n<iframe frameborder=\"0\" src=\"https:\/\/docs.google.com\/spreadsheets\/d\/1uR21ws24WnjnFXTu2cIT1o7_U4xZFoJ9Aq01wDHtzFw\/preview?usp=drivesdk\" width=\"100%\" height=\"1500\" style=\"border:0;max-width:100%\" scrolling=\"yes\"><\/iframe>\n\n\n\n<p><script src=\"https:\/\/cdnjs.cloudflare.com\/ajax\/libs\/iframe-resizer\/3.5.5\/iframeResizer.min.js\"><\/script><script>if(!window._rsz){window._rsz=function(){var i=iFrameResize({checkOrigin:false,interval:100});};if(document.readyState!=\"loading\"){_rsz()}else{document.addEventListener(\"DOMContentLoaded\",_rsz)}}<\/script><iframe id=\"59db5e8ac8124a21d2c1bc32\" style=\"display: block; width: 100%; overflow: auto; margin: auto; border-width: 0px;\" src=\"https:\/\/scorenco.com\/widget\/59db5e8ac8124a21d2c1bc32\/?auto_height=true\" scrolling=\"no\"><\/iframe><a style=\"font-size: 11px;\" href=\"https:\/\/scorenco.com\/football\/clubs\/av-regripperois-crespinois-tillieres\/\">Av. Regripperois Crespinois Tilli\u00e8res sur Score n&#8217;co<\/a><\/p>\n\n\n\n<p><script src=\"https:\/\/cdnjs.cloudflare.com\/ajax\/libs\/iframe-resizer\/3.5.5\/iframeResizer.min.js\"><\/script><script>if(!window._rsz){window._rsz=function(){var i=iFrameResize({checkOrigin:false,interval:100});};if(document.readyState!=\"loading\"){_rsz()}else{document.addEventListener(\"DOMContentLoaded\",_rsz)}}<\/script><iframe id=\"5a191cef880762436cf54178\" style=\"display: block; width: 100%; overflow: auto; margin: auto; border-width: 0px;\" src=\"https:\/\/scorenco.com\/widget\/5a191cef880762436cf54178\/?auto_height=true\" scrolling=\"no\"><\/iframe><a style=\"font-size: 11px;\" href=\"https:\/\/scorenco.com\/football\/clubs\/tillieres-arc\/\">Tilli\u00e8res ARC sur Score n&#8217;co<\/a><\/p>\n\n\n\n<p><script src=\"https:\/\/cdnjs.cloudflare.com\/ajax\/libs\/iframe-resizer\/3.5.5\/iframeResizer.min.js\"><\/script><script>if(!window._rsz){window._rsz=function(){var i=iFrameResize({checkOrigin:false,interval:100});};if(document.readyState!=\"loading\"){_rsz()}else{document.addEventListener(\"DOMContentLoaded\",_rsz)}}<\/script><iframe id=\"5a191d57094b9544c4cc688c\" style=\"display: block; width: 100%; overflow: auto; margin: auto; border-width: 0px;\" src=\"https:\/\/scorenco.com\/widget\/5a191d57094b9544c4cc688c\/?auto_height=true\" scrolling=\"no\"><\/iframe><a style=\"font-size: 11px;\" href=\"https:\/\/scorenco.com\/football\/clubs\/tillieres-arc\/\">Tilli\u00e8res ARC sur Score n&#8217;co<\/a><\/p>\n\n\n\n<p><script src=\"https:\/\/cdnjs.cloudflare.com\/ajax\/libs\/iframe-resizer\/3.5.5\/iframeResizer.min.js\"><\/script><script>if(!window._rsz){window._rsz=function(){var i=iFrameResize({checkOrigin:false,interval:100});};if(document.readyState!=\"loading\"){_rsz()}else{document.addEventListener(\"DOMContentLoaded\",_rsz)}}<\/script><iframe id=\"59dbae95c8124a0e63ec7767\" style=\"display: block; width: 100%; overflow: auto; margin: auto; border-width: 0px;\" src=\"https:\/\/scorenco.com\/widget\/59dbae95c8124a0e63ec7767\/?auto_height=true\" scrolling=\"no\"><\/iframe><a style=\"font-size: 11px;\" href=\"https:\/\/scorenco.com\/football\/clubs\/av-regripperois-crespinois-tillieres\/\">Av. Regripperois Crespinois Tilli\u00e8res sur Score n&#8217;co<\/a><\/p>\n","protected":false},"excerpt":{"rendered":"<p>Av. Regripperois Crespinois Tilli\u00e8res sur Score n&#8217;co Tilli\u00e8res ARC sur Score n&#8217;co Tilli\u00e8res ARC sur Score n&#8217;co Av. Regripperois Crespinois Tilli\u00e8res sur Score n&#8217;co<\/p>\n","protected":false},"author":1,"featured_media":0,"parent":0,"menu_order":0,"comment_status":"closed","ping_status":"closed","template":"","meta":{"_joinchat":[]},"_links":{"self":[{"href":"https:\/\/arctfoot.com\/index.php\/wp-json\/wp\/v2\/pages\/64"}],"collection":[{"href":"https:\/\/arctfoot.com\/index.php\/wp-json\/wp\/v2\/pages"}],"about":[{"href":"https:\/\/arctfoot.com\/index.php\/wp-json\/wp\/v2\/types\/page"}],"author":[{"embeddable":true,"href":"https:\/\/arctfoot.com\/index.php\/wp-json\/wp\/v2\/users\/1"}],"replies":[{"embeddable":true,"href":"https:\/\/arctfoot.com\/index.php\/wp-json\/wp\/v2\/comments?post=64"}],"version-history":[{"count":34,"href":"https:\/\/arctfoot.com\/index.php\/wp-json\/wp\/v2\/pages\/64\/revisions"}],"predecessor-version":[{"id":18354,"href":"https:\/\/arctfoot.com\/index.php\/wp-json\/wp\/v2\/pages\/64\/revisions\/18354"}],"wp:attachment":[{"href":"https:\/\/arctfoot.com\/index.php\/wp-json\/wp\/v2\/media?parent=64"}],"curies":[{"name":"wp","href":"https:\/\/api.w.org\/{rel}","templated":true}]}}