 {"id":7141,"date":"2020-02-25T14:35:28","date_gmt":"2020-02-25T13:35:28","guid":{"rendered":"https:\/\/arctfoot.com\/?page_id=7141"},"modified":"2022-06-02T14:19:27","modified_gmt":"2022-06-02T12:19:27","slug":"fiches-pef-arct-2020","status":"publish","type":"page","link":"https:\/\/arctfoot.com\/index.php\/fiches-pef-arct-2020\/","title":{"rendered":"Le Programme \u00e9ducatif F\u00e9d\u00e9ral (PEF)"},"content":{"rendered":"\n<p> 1\/ Le PEF, c&#8217;est quoi ? &nbsp; Le PEF est une op\u00e9ration p\u00e9dagogique engag\u00e9 par la F\u00e9d\u00e9ration Fran\u00e7aise de Football destin\u00e9e aux jeunes licenci\u00e9s de 5 \u00e0 18 ans. Il s\u2019inscrit dans un projet d\u2019accompagnement des clubs dans leur structuration autour des 5 grandes valeurs du football : <\/p>\n\n\n\n<p>PLAISIR \/ RESPECT \/ ENGAGEMENT \/ TOLERANCE\/ SOLIDARITE <\/p>\n\n\n\n<p> R\u00e9partis dans deux grands axes d\u2019apprentissages, les r\u00e8gles de vie et les r\u00e8gles du jeu, le PEF a pour objectif de proposer tout au long de la saison, des actions autour des six th\u00e8mes suivants : <\/p>\n\n\n\n<p> La Sant\u00e9, l\u2019Engagement Citoyen, l\u2019Environnement, le Fair-Play, les R\u00e8gles du Jeu et Arbitrage et la Culture Foot <\/p>\n\n\n\n<p>LES FICHES DU CLUB 2019\/2020:<\/p>\n\n\n\n<p> <a href=\"https:\/\/foot49.fff.fr\/wp-content\/uploads\/sites\/36\/2019\/10\/Tilli%C3%A8res-ARC.pdf\">Tilli\u00e8res ARC -U10-U13 \u2013 Faire la Coupe de France \u00e0 9 ans !<\/a> <\/p>\n\n\n\n<p> <a href=\"https:\/\/foot49.fff.fr\/wp-content\/uploads\/sites\/36\/2019\/10\/Tilli%C3%A8res-ARC-02.pdf\">Tilli\u00e8res ARC \u2013 U7-U9 \u2013 Matin\u00e9e \u00e9ducative<\/a> <\/p>\n\n\n\n<p> <a href=\"https:\/\/arctfoot.com\/wp-content\/uploads\/2020\/02\/PEFARCT-4.png\">Tilli\u00e8res ARC \u2013 MULTI CATEGORIES \u2013 T&#8217;AS TROP BU T&#8217;AS PERDU<\/a><\/p>\n\n\n\n<p> <a href=\"https:\/\/foot49.fff.fr\/wp-content\/uploads\/sites\/36\/2019\/10\/Tilli%C3%A8res-ARC-02.pdf\">Tilli\u00e8res ARC \u2013 U10-11 \u2013 ESCORT PLAYER<\/a><\/p>\n\n\n\n<p>LES FICHES DU CLUB 2020\/2021:<\/p>\n\n\n\n<p><a href=\"https:\/\/foot49.fff.fr\/wp-content\/uploads\/sites\/36\/2020\/10\/Tilli%C3%A8res-ARC-U6-U7-Le-relais-d%C3%A9chets-Copie.pdf\">Tilli\u00e8res ARC \u2013 U6-U7 \u2013 Le relais d\u00e9chets<\/a><\/p>\n\n\n\n<p><a href=\"https:\/\/foot49.fff.fr\/wp-content\/uploads\/sites\/36\/2020\/10\/Tilli%C3%A8res-ARC-U6-U9-Course-vrai-faux.pdf\">Tilli\u00e8res ARC \u2013 U6-U9 \u2013 FAIR PLAYCourse vrai faux<\/a> <\/p>\n\n\n\n<p><a href=\"https:\/\/foot49.fff.fr\/wp-content\/uploads\/sites\/36\/2020\/10\/Tilli%C3%A8res-ARC-U10-U13-Japprends-%C3%A0-arbitrer.pdf\">Tilli\u00e8res ARC \u2013 U10-U13 \u2013 J\u2019apprends \u00e0 arbitrer<\/a><\/p>\n\n\n\n<p><a href=\"https:\/\/foot49.fff.fr\/wp-content\/uploads\/sites\/36\/2020\/10\/Tilli%C3%A8res-ARC-U10-U11-Biathlon-foot.pdf\">Tilli\u00e8res ARC \u2013 U11 \u2013 Biathlon foot<\/a><\/p>\n\n\n\n<p><a href=\"https:\/\/foot49.fff.fr\/wp-content\/uploads\/sites\/36\/2020\/10\/Tilli%C3%A8res-ARC-U6-U9-La-visite-de-Monsieur-larbitre.pdf\">Tilli\u00e8res ARC \u2013 U6-U9 \u2013 La visite de Monsieur l\u2019arbitre<\/a><\/p>\n\n\n\n<p>LES FICHES DU CLUB 2021\/2022:<\/p>\n\n\n\n<p><a href=\"https:\/\/arctfoot.com\/wp-content\/uploads\/2022\/06\/Action-PEF-2.pdf\" target=\"_blank\" rel=\"noreferrer noopener\">Tilli\u00e8res ARC \u2013 RESUME 2021-2022<\/a><\/p>\n","protected":false},"excerpt":{"rendered":"<p>1\/ Le PEF, c&#8217;est quoi ? &nbsp; Le PEF est une op\u00e9ration p\u00e9dagogique engag\u00e9 par la F\u00e9d\u00e9ration Fran\u00e7aise de Football destin\u00e9e aux jeunes licenci\u00e9s de 5 \u00e0 18 ans. Il s\u2019inscrit dans un projet d\u2019accompagnement des clubs dans leur structuration autour des 5 grandes valeurs du football : PLAISIR \/ RESPECT \/ ENGAGEMENT \/ TOLERANCE\/&hellip; <\/p>\n<p class=\"chuchadon-read-more\"><a href=\"https:\/\/arctfoot.com\/index.php\/fiches-pef-arct-2020\/\" class=\"more-link\">Lire la suite de <span class=\"screen-reader-text\">Le Programme \u00e9ducatif F\u00e9d\u00e9ral (PEF)<\/span><\/a><\/p>\n","protected":false},"author":1,"featured_media":15513,"parent":0,"menu_order":0,"comment_status":"closed","ping_status":"closed","template":"","meta":{"_joinchat":[]},"_links":{"self":[{"href":"https:\/\/arctfoot.com\/index.php\/wp-json\/wp\/v2\/pages\/7141"}],"collection":[{"href":"https:\/\/arctfoot.com\/index.php\/wp-json\/wp\/v2\/pages"}],"about":[{"href":"https:\/\/arctfoot.com\/index.php\/wp-json\/wp\/v2\/types\/page"}],"author":[{"embeddable":true,"href":"https:\/\/arctfoot.com\/index.php\/wp-json\/wp\/v2\/users\/1"}],"replies":[{"embeddable":true,"href":"https:\/\/arctfoot.com\/index.php\/wp-json\/wp\/v2\/comments?post=7141"}],"version-history":[{"count":9,"href":"https:\/\/arctfoot.com\/index.php\/wp-json\/wp\/v2\/pages\/7141\/revisions"}],"predecessor-version":[{"id":16575,"href":"https:\/\/arctfoot.com\/index.php\/wp-json\/wp\/v2\/pages\/7141\/revisions\/16575"}],"wp:featuredmedia":[{"embeddable":true,"href":"https:\/\/arctfoot.com\/index.php\/wp-json\/wp\/v2\/media\/15513"}],"wp:attachment":[{"href":"https:\/\/arctfoot.com\/index.php\/wp-json\/wp\/v2\/media?parent=7141"}],"curies":[{"name":"wp","href":"https:\/\/api.w.org\/{rel}","templated":true}]}}